{"id":332,"date":"2020-07-27T19:41:19","date_gmt":"2020-07-27T17:41:19","guid":{"rendered":"https:\/\/mvneco.com\/startseite"},"modified":"2020-08-30T13:31:01","modified_gmt":"2020-08-30T11:31:01","slug":"startseite","status":"publish","type":"page","link":"https:\/\/mvneco.com\/en","title":{"rendered":"Home"},"content":{"rendered":"","protected":false},"excerpt":{"rendered":"","protected":false},"author":1,"featured_media":0,"parent":0,"menu_order":0,"comment_status":"closed","ping_status":"closed","template":"","meta":{"_acf_changed":false,"inline_featured_image":false,"footnotes":""},"class_list":["post-332","page","type-page","status-publish","hentry"],"acf":[],"yoast_head":"<!-- This site is optimized with the Yoast SEO plugin v27.4 - https:\/\/yoast.com\/product\/yoast-seo-wordpress\/ -->\n<title>Home - mvneco \u2013 Digitale L\u00f6sungen und Services \u2013 ma\u00dfgeschneidert f\u00fcr Ihr Business<\/title>\n<meta name=\"description\" content=\"Wir entwickeln das komplette digitale Management von Kundendaten und Prozessen f\u00fcr Sie, von der Registrierung \u00fcber den Verkauf bis hin zur Abwicklung des Bezahlvorgangs\" \/>\n<meta name=\"robots\" content=\"index, follow, max-snippet:-1, max-image-preview:large, max-video-preview:-1\" \/>\n<link rel=\"canonical\" href=\"https:\/\/mvneco.com\/en\" \/>\n<meta property=\"og:locale\" content=\"en_US\" \/>\n<meta property=\"og:type\" content=\"article\" \/>\n<meta property=\"og:title\" content=\"Home - mvneco \u2013 Digitale L\u00f6sungen und Services \u2013 ma\u00dfgeschneidert f\u00fcr Ihr Business\" \/>\n<meta property=\"og:description\" content=\"Wir entwickeln das komplette digitale Management von Kundendaten und Prozessen f\u00fcr Sie, von der Registrierung \u00fcber den Verkauf bis hin zur Abwicklung des Bezahlvorgangs\" \/>\n<meta property=\"og:url\" content=\"https:\/\/mvneco.com\/en\" \/>\n<meta property=\"og:site_name\" content=\"mvneco \u2013 Digitale L\u00f6sungen und Services \u2013 ma\u00dfgeschneidert f\u00fcr Ihr Business\" \/>\n<meta property=\"article:modified_time\" content=\"2020-08-30T11:31:01+00:00\" \/>\n<meta name=\"twitter:card\" content=\"summary_large_image\" \/>\n<script type=\"application\/ld+json\" class=\"yoast-schema-graph\">{\"@context\":\"https:\\\/\\\/schema.org\",\"@graph\":[{\"@type\":\"WebPage\",\"@id\":\"https:\\\/\\\/mvneco.com\\\/en\",\"url\":\"https:\\\/\\\/mvneco.com\\\/en\",\"name\":\"Home - mvneco \u2013 Digitale L\u00f6sungen und Services \u2013 ma\u00dfgeschneidert f\u00fcr Ihr Business\",\"isPartOf\":{\"@id\":\"https:\\\/\\\/mvneco.com\\\/#website\"},\"datePublished\":\"2020-07-27T17:41:19+00:00\",\"dateModified\":\"2020-08-30T11:31:01+00:00\",\"description\":\"Wir entwickeln das komplette digitale Management von Kundendaten und Prozessen f\u00fcr Sie, von der Registrierung \u00fcber den Verkauf bis hin zur Abwicklung des Bezahlvorgangs\",\"breadcrumb\":{\"@id\":\"https:\\\/\\\/mvneco.com\\\/en#breadcrumb\"},\"inLanguage\":\"en-US\",\"potentialAction\":[{\"@type\":\"ReadAction\",\"target\":[\"https:\\\/\\\/mvneco.com\\\/en\"]}]},{\"@type\":\"BreadcrumbList\",\"@id\":\"https:\\\/\\\/mvneco.com\\\/en#breadcrumb\",\"itemListElement\":[{\"@type\":\"ListItem\",\"position\":1,\"name\":\"Startseite\",\"item\":\"https:\\\/\\\/mvneco.com\\\/en\"},{\"@type\":\"ListItem\",\"position\":2,\"name\":\"Home\"}]},{\"@type\":\"WebSite\",\"@id\":\"https:\\\/\\\/mvneco.com\\\/#website\",\"url\":\"https:\\\/\\\/mvneco.com\\\/\",\"name\":\"mvneco \u2013 Digitale L\u00f6sungen und Services \u2013 ma\u00dfgeschneidert f\u00fcr Ihr Business\",\"description\":\"\",\"potentialAction\":[{\"@type\":\"SearchAction\",\"target\":{\"@type\":\"EntryPoint\",\"urlTemplate\":\"https:\\\/\\\/mvneco.com\\\/?s={search_term_string}\"},\"query-input\":{\"@type\":\"PropertyValueSpecification\",\"valueRequired\":true,\"valueName\":\"search_term_string\"}}],\"inLanguage\":\"en-US\"}]}<\/script>\n<!-- \/ Yoast SEO plugin. -->","yoast_head_json":{"title":"Home - mvneco \u2013 Digitale L\u00f6sungen und Services \u2013 ma\u00dfgeschneidert f\u00fcr Ihr Business","description":"Wir entwickeln das komplette digitale Management von Kundendaten und Prozessen f\u00fcr Sie, von der Registrierung \u00fcber den Verkauf bis hin zur Abwicklung des Bezahlvorgangs","robots":{"index":"index","follow":"follow","max-snippet":"max-snippet:-1","max-image-preview":"max-image-preview:large","max-video-preview":"max-video-preview:-1"},"canonical":"https:\/\/mvneco.com\/en","og_locale":"en_US","og_type":"article","og_title":"Home - mvneco \u2013 Digitale L\u00f6sungen und Services \u2013 ma\u00dfgeschneidert f\u00fcr Ihr Business","og_description":"Wir entwickeln das komplette digitale Management von Kundendaten und Prozessen f\u00fcr Sie, von der Registrierung \u00fcber den Verkauf bis hin zur Abwicklung des Bezahlvorgangs","og_url":"https:\/\/mvneco.com\/en","og_site_name":"mvneco \u2013 Digitale L\u00f6sungen und Services \u2013 ma\u00dfgeschneidert f\u00fcr Ihr Business","article_modified_time":"2020-08-30T11:31:01+00:00","twitter_card":"summary_large_image","schema":{"@context":"https:\/\/schema.org","@graph":[{"@type":"WebPage","@id":"https:\/\/mvneco.com\/en","url":"https:\/\/mvneco.com\/en","name":"Home - mvneco \u2013 Digitale L\u00f6sungen und Services \u2013 ma\u00dfgeschneidert f\u00fcr Ihr Business","isPartOf":{"@id":"https:\/\/mvneco.com\/#website"},"datePublished":"2020-07-27T17:41:19+00:00","dateModified":"2020-08-30T11:31:01+00:00","description":"Wir entwickeln das komplette digitale Management von Kundendaten und Prozessen f\u00fcr Sie, von der Registrierung \u00fcber den Verkauf bis hin zur Abwicklung des Bezahlvorgangs","breadcrumb":{"@id":"https:\/\/mvneco.com\/en#breadcrumb"},"inLanguage":"en-US","potentialAction":[{"@type":"ReadAction","target":["https:\/\/mvneco.com\/en"]}]},{"@type":"BreadcrumbList","@id":"https:\/\/mvneco.com\/en#breadcrumb","itemListElement":[{"@type":"ListItem","position":1,"name":"Startseite","item":"https:\/\/mvneco.com\/en"},{"@type":"ListItem","position":2,"name":"Home"}]},{"@type":"WebSite","@id":"https:\/\/mvneco.com\/#website","url":"https:\/\/mvneco.com\/","name":"mvneco \u2013 Digitale L\u00f6sungen und Services \u2013 ma\u00dfgeschneidert f\u00fcr Ihr Business","description":"","potentialAction":[{"@type":"SearchAction","target":{"@type":"EntryPoint","urlTemplate":"https:\/\/mvneco.com\/?s={search_term_string}"},"query-input":{"@type":"PropertyValueSpecification","valueRequired":true,"valueName":"search_term_string"}}],"inLanguage":"en-US"}]}},"_links":{"self":[{"href":"https:\/\/mvneco.com\/en\/wp-json\/wp\/v2\/pages\/332","targetHints":{"allow":["GET"]}}],"collection":[{"href":"https:\/\/mvneco.com\/en\/wp-json\/wp\/v2\/pages"}],"about":[{"href":"https:\/\/mvneco.com\/en\/wp-json\/wp\/v2\/types\/page"}],"author":[{"embeddable":true,"href":"https:\/\/mvneco.com\/en\/wp-json\/wp\/v2\/users\/1"}],"replies":[{"embeddable":true,"href":"https:\/\/mvneco.com\/en\/wp-json\/wp\/v2\/comments?post=332"}],"version-history":[{"count":6,"href":"https:\/\/mvneco.com\/en\/wp-json\/wp\/v2\/pages\/332\/revisions"}],"predecessor-version":[{"id":389,"href":"https:\/\/mvneco.com\/en\/wp-json\/wp\/v2\/pages\/332\/revisions\/389"}],"wp:attachment":[{"href":"https:\/\/mvneco.com\/en\/wp-json\/wp\/v2\/media?parent=332"}],"curies":[{"name":"wp","href":"https:\/\/api.w.org\/{rel}","templated":true}]}}